{"id":74,"date":"2025-03-27T14:23:42","date_gmt":"2025-03-27T13:23:42","guid":{"rendered":"https:\/\/aba-psy.com\/?page_id=74"},"modified":"2026-03-18T18:54:37","modified_gmt":"2026-03-18T17:54:37","slug":"trouver-des-reponses","status":"publish","type":"page","link":"https:\/\/aba-psy.com\/en\/accompagnements\/trouver-des-reponses\/","title":{"rendered":"Que faire en cas de soup\u00e7on d&rsquo;un trouble du neurod\u00e9veloppement (autisme, TDAH, troubles dys, etc.) ?"},"content":{"rendered":"<h1 class=\"wp-block-heading has-text-align-center alignfull\"><strong>Find answers<\/strong> <strong>when facing a potential neurodevelopmental disorder<\/strong><\/h1>\n\n\n\n<figure class=\"wp-block-image aligncenter size-large is-resized has-custom-border\"><img data-recalc-dims=\"1\" loading=\"lazy\" decoding=\"async\" width=\"2928\" height=\"1951\" data-attachment-id=\"265\" data-permalink=\"https:\/\/aba-psy.com\/en\/accompagnements\/trouver-des-reponses\/trouver-des-reponses-2\/\" data-orig-file=\"https:\/\/i0.wp.com\/aba-psy.com\/wp-content\/uploads\/2025\/04\/trouver-des-reponses-1.jpg?fit=2928%2C1951&amp;ssl=1\" data-orig-size=\"2928,1951\" data-comments-opened=\"1\" data-image-meta=\"{&quot;aperture&quot;:&quot;0&quot;,&quot;credit&quot;:&quot;&quot;,&quot;camera&quot;:&quot;&quot;,&quot;caption&quot;:&quot;&quot;,&quot;created_timestamp&quot;:&quot;0&quot;,&quot;copyright&quot;:&quot;&quot;,&quot;focal_length&quot;:&quot;0&quot;,&quot;iso&quot;:&quot;0&quot;,&quot;shutter_speed&quot;:&quot;0&quot;,&quot;title&quot;:&quot;&quot;,&quot;orientation&quot;:&quot;0&quot;}\" data-image-title=\"Trouver des r\u00e9ponses\" data-image-description=\"\" data-image-caption=\"\" data-large-file=\"https:\/\/i0.wp.com\/aba-psy.com\/wp-content\/uploads\/2025\/04\/trouver-des-reponses-1.jpg?fit=1024%2C682&amp;ssl=1\" src=\"https:\/\/i0.wp.com\/aba-psy.com\/wp-content\/uploads\/2025\/04\/trouver-des-reponses-1.jpg?resize=2928%2C1951&#038;ssl=1\" alt=\"Un puzzle partiellement compl\u00e9t\u00e9 sur un fond noir, mettant en \u00e9vidence les pi\u00e8ces manquantes.\" class=\"wp-image-265\" style=\"border-top-right-radius:100px;border-bottom-left-radius:100px;aspect-ratio:3\/2;object-fit:cover;width:478px\"\/><\/figure>\n\n\n\n<h3 class=\"wp-block-heading has-text-align-center alignwide has-base-color has-custom-main-background-color has-text-color has-background has-link-color wp-elements-5b116c8edda6cb87ac683fbeb49c4d3f\" style=\"padding-top:var(--wp--preset--spacing--10);padding-bottom:var(--wp--preset--spacing--10)\">Are you concerned about <strong><em>your child's development<\/em><\/strong> ?<br><br>Has the school raised concerns about <strong><em>their behavior<\/em><\/strong>?<br><br>\ud83d\udc49 Let's <strong><em>discuss the situation together<\/em><\/strong> and create <strong><em>a roadmap<\/em><\/strong> to find answers to your questions.<\/h3>\n\n\n\n<div class=\"wp-block-group alignwide is-layout-flow wp-container-core-group-is-layout-c6aab7f7 wp-block-group-is-layout-flow\">\n<div class=\"wp-block-columns alignwide is-layout-flex wp-container-core-columns-is-layout-2f2f9c1d wp-block-columns-is-layout-flex\" style=\"padding-bottom:var(--wp--preset--spacing--20)\">\n<div class=\"wp-block-column is-vertically-aligned-top is-layout-flow wp-block-column-is-layout-flow\" style=\"padding-top:0px;padding-bottom:0px;flex-basis:450px\">\n<p class=\"has-text-align-center is-service-name has-custom-contrast-1-color has-text-color has-link-color wp-elements-ff88fd8649b1bfb70ead46d7b3f206ed wp-block-paragraph\" style=\"font-size:clamp(0.875rem, 0.875rem + ((1vw - 0.2rem) * 0.708), 1.3rem);\"><strong>\ud83d\udca1Orientation session<\/strong><br><\/p>\n<\/div>\n\n\n\n<div class=\"wp-block-column is-vertically-aligned-top is-layout-flow wp-block-column-is-layout-flow\">\n<div class=\"wp-block-group alignwide is-layout-flow wp-block-group-is-layout-flow\" style=\"padding-top:0px;padding-bottom:0px\">\n<p class=\"has-text-align-center is-service-description wp-block-paragraph\" style=\"font-size:clamp(0.875rem, 0.875rem + ((1vw - 0.2rem) * 0.208), 1rem);\">In a supportive environment, this session will include <strong>a brief meeting with your child <\/strong>and <strong>an in-depth conversation with you about their development<\/strong>.<\/p>\n\n\n\n<p class=\"has-text-align-center is-service-description wp-block-paragraph\" style=\"font-size:clamp(0.875rem, 0.875rem + ((1vw - 0.2rem) * 0.208), 1rem);\">I will then provide you with <strong>an oral summary and a short-term action plan <\/strong>(guidance on the diagnostic process, interventions to be implemented, support options, administrative procedures, specialist contacts, etc.).&nbsp;<\/p>\n\n\n\n<div class=\"wp-block-columns is-layout-flex wp-container-core-columns-is-layout-3a88641f wp-block-columns-is-layout-flex\">\n<div class=\"wp-block-column is-layout-flow wp-block-column-is-layout-flow\">\n<p class=\"has-text-align-center has-custom-white-color has-custom-main-background-color has-text-color has-background has-link-color has-small-font-size wp-elements-a65c0567d465c2e54d3275e1f3fa6966 wp-block-paragraph\" style=\"border-radius:200px;margin-top:0;margin-bottom:0;padding-top:10px;padding-bottom:10px\">First contact - 30 min - Free<\/p>\n<\/div>\n\n\n\n<div class=\"wp-block-column is-layout-flow wp-block-column-is-layout-flow\">\n<p class=\"has-text-align-center has-custom-white-color has-custom-main-background-color has-text-color has-background has-link-color has-small-font-size wp-elements-2cc1e2d7f6ce8531fd844bad8d67e822 wp-block-paragraph\" style=\"border-radius:200px;margin-top:0;margin-bottom:0;padding-top:10px;padding-bottom:10px\">Orientation session - 1h30 - 90\u20ac<\/p>\n<\/div>\n<\/div>\n<\/div>\n<\/div>\n<\/div>\n<\/div>","protected":false},"excerpt":{"rendered":"<p>Je propose une s\u00e9ance d&rsquo;orientation pour les parents s&rsquo;interrogeant sur le d\u00e9veloppement de leur enfant, notamment en cas d&rsquo;anomalies comportementales signal\u00e9es par l&rsquo;\u00e9cole. Lors de cette rencontre, un plan d&rsquo;action sera \u00e9labor\u00e9 pour r\u00e9pondre aux pr\u00e9occupations et orienter vers des ressources sp\u00e9cialis\u00e9es. Premier contact gratuit.<\/p>","protected":false},"author":263704216,"featured_media":0,"parent":33,"menu_order":0,"comment_status":"closed","ping_status":"closed","template":"","meta":{"_crdt_document":"","advanced_seo_description":"","jetpack_seo_html_title":"","jetpack_seo_noindex":false,"footnotes":""},"class_list":["post-74","page","type-page","status-publish","hentry"],"jetpack_likes_enabled":true,"jetpack_sharing_enabled":true,"jetpack_shortlink":"https:\/\/wp.me\/PgqXTp-1c","jetpack-related-posts":[],"_links":{"self":[{"href":"https:\/\/aba-psy.com\/en\/wp-json\/wp\/v2\/pages\/74","targetHints":{"allow":["GET"]}}],"collection":[{"href":"https:\/\/aba-psy.com\/en\/wp-json\/wp\/v2\/pages"}],"about":[{"href":"https:\/\/aba-psy.com\/en\/wp-json\/wp\/v2\/types\/page"}],"author":[{"embeddable":true,"href":"https:\/\/aba-psy.com\/en\/wp-json\/wp\/v2\/users\/263704216"}],"replies":[{"embeddable":true,"href":"https:\/\/aba-psy.com\/en\/wp-json\/wp\/v2\/comments?post=74"}],"version-history":[{"count":27,"href":"https:\/\/aba-psy.com\/en\/wp-json\/wp\/v2\/pages\/74\/revisions"}],"predecessor-version":[{"id":791,"href":"https:\/\/aba-psy.com\/en\/wp-json\/wp\/v2\/pages\/74\/revisions\/791"}],"up":[{"embeddable":true,"href":"https:\/\/aba-psy.com\/en\/wp-json\/wp\/v2\/pages\/33"}],"wp:attachment":[{"href":"https:\/\/aba-psy.com\/en\/wp-json\/wp\/v2\/media?parent=74"}],"curies":[{"name":"wp","href":"https:\/\/api.w.org\/{rel}","templated":true}]}}