{"id":124,"date":"2025-03-28T11:45:19","date_gmt":"2025-03-28T10:45:19","guid":{"rendered":"https:\/\/aba-psy.com\/?page_id=124"},"modified":"2026-03-18T22:55:55","modified_gmt":"2026-03-18T21:55:55","slug":"professionnels-de-sante","status":"publish","type":"page","link":"https:\/\/aba-psy.com\/en\/accompagnements\/professionnels-de-sante\/","title":{"rendered":"Sensibilisation et formation des professionnels de sant\u00e9 aux troubles du neurod\u00e9veloppement"},"content":{"rendered":"<h1 class=\"wp-block-heading has-text-align-center alignfull\"><strong>Raising awareness and training healthcare professionals<\/strong><\/h1>\n\n\n\n<figure class=\"wp-block-image aligncenter size-large is-resized has-custom-border\"><img data-recalc-dims=\"1\" loading=\"lazy\" decoding=\"async\" width=\"2757\" height=\"1852\" data-attachment-id=\"274\" data-permalink=\"https:\/\/aba-psy.com\/en\/accompagnements\/professionnels-de-sante-2\/\" data-orig-file=\"https:\/\/i0.wp.com\/aba-psy.com\/wp-content\/uploads\/2025\/04\/professionnels-de-sante.jpg?fit=2757%2C1852&amp;ssl=1\" data-orig-size=\"2757,1852\" data-comments-opened=\"1\" data-image-meta=\"{&quot;aperture&quot;:&quot;0&quot;,&quot;credit&quot;:&quot;&quot;,&quot;camera&quot;:&quot;&quot;,&quot;caption&quot;:&quot;&quot;,&quot;created_timestamp&quot;:&quot;0&quot;,&quot;copyright&quot;:&quot;&quot;,&quot;focal_length&quot;:&quot;0&quot;,&quot;iso&quot;:&quot;0&quot;,&quot;shutter_speed&quot;:&quot;0&quot;,&quot;title&quot;:&quot;&quot;,&quot;orientation&quot;:&quot;0&quot;}\" data-image-title=\"Professionnels de sant\u00e9\" data-image-description=\"\" data-image-caption=\"\" data-large-file=\"https:\/\/i0.wp.com\/aba-psy.com\/wp-content\/uploads\/2025\/04\/professionnels-de-sante.jpg?fit=1024%2C688&amp;ssl=1\" src=\"https:\/\/i0.wp.com\/aba-psy.com\/wp-content\/uploads\/2025\/04\/professionnels-de-sante.jpg?resize=2757%2C1852&#038;ssl=1\" alt=\"Un professionnel de sant\u00e9 examine le dos d'un enfant en utilisant un st\u00e9thoscope, pendant une consultation m\u00e9dicale.\" class=\"wp-image-274\" style=\"border-top-right-radius:100px;border-bottom-left-radius:100px;aspect-ratio:3\/2;object-fit:cover;width:478px\"\/><\/figure>\n\n\n\n<div class=\"wp-block-group alignfull is-style-section-3 has-global-padding is-content-justification-center is-layout-constrained wp-container-core-group-is-layout-7e8236fd wp-block-group-is-layout-constrained\" style=\"margin-top:0;margin-bottom:0;padding-top:var(--wp--preset--spacing--10);padding-bottom:var(--wp--preset--spacing--10)\">\n<h3 class=\"wp-block-heading has-text-align-center alignwide has-base-color has-custom-main-background-color has-text-color has-background has-link-color wp-elements-80e3e1021c221642acee333bb08b4f0b\" style=\"padding-top:var(--wp--preset--spacing--10);padding-bottom:var(--wp--preset--spacing--10)\">Are you <strong><em>a healthcare professional<\/em><\/strong> who cares for patients with learning or neurodevelopmental disorders and\/or their families?<br> <br>Are you the manager of a healthcare, social, or medico-social facility and would like to <strong><em>raise awareness or train your staff on learning or neurodevelopmental disorders<\/em><\/strong>? <br><br>Do you want to <strong><em>support the families of patients<\/em><\/strong> who you serve by offering them <strong><em>quality discussions<\/em><\/strong> on topics related to child development and learning or neurodevelopmental disorders?<br><br>\ud83d\udc49 Let's develop <strong><em>actionable solutions<\/em><\/strong> tailored to your professional practice<\/h3>\n\n\n\n<div class=\"wp-block-group alignwide is-layout-flow wp-container-core-group-is-layout-c6aab7f7 wp-block-group-is-layout-flow\">\n<div class=\"wp-block-columns alignwide is-layout-flex wp-container-core-columns-is-layout-00dab6cd wp-block-columns-is-layout-flex\" style=\"padding-bottom:var(--wp--preset--spacing--20)\">\n<div class=\"wp-block-column is-vertically-aligned-top is-layout-flow wp-block-column-is-layout-flow\" style=\"padding-top:0px;padding-bottom:0px;flex-basis:450px\">\n<p class=\"has-text-align-center is-service-name has-custom-contrast-1-color has-text-color has-link-color wp-elements-d34598053de7094fd0c9e6ce8aac120c wp-block-paragraph\" style=\"font-size:clamp(0.875rem, 0.875rem + ((1vw - 0.2rem) * 0.708), 1.3rem);\"><strong>\ud83d\udca1Support session<\/strong><br><\/p>\n<\/div>\n\n\n\n<div class=\"wp-block-column is-vertically-aligned-top is-layout-flow wp-block-column-is-layout-flow\">\n<div class=\"wp-block-group alignwide is-layout-flow wp-block-group-is-layout-flow\" style=\"padding-top:0px;padding-bottom:0px\">\n<p class=\"has-text-align-center is-service-description wp-block-paragraph\" style=\"font-size:clamp(0.875rem, 0.875rem + ((1vw - 0.2rem) * 0.208), 1rem);\">Whether you wish <strong>to enrich your daily practice<\/strong> , <strong>expand your patient base<\/strong> or find <strong>solutions to support a specific patient<\/strong> in a complex situation, I offer personalized support to familiarize you with <strong>immediately applicable tools<\/strong>. I can also join your discussions with your patient on a specific topic on an ad-hoc basis.<\/p>\n\n\n\n<p class=\"has-text-align-center has-custom-white-color has-custom-main-background-color has-text-color has-background has-link-color has-small-font-size wp-elements-7e2d19916f7e9f776f0251b5493496e6 wp-block-paragraph\" style=\"border-radius:200px;padding-top:10px;padding-bottom:10px\">Support session - 1h15 - Individual 75\u20ac Team (max 3 people) 120\u20ac<\/p>\n<\/div>\n<\/div>\n<\/div>\n<\/div>\n\n\n\n<div class=\"wp-block-group alignwide is-layout-flow wp-container-core-group-is-layout-c6aab7f7 wp-block-group-is-layout-flow\">\n<div class=\"wp-block-columns alignwide is-layout-flex wp-container-core-columns-is-layout-00dab6cd wp-block-columns-is-layout-flex\" style=\"padding-bottom:var(--wp--preset--spacing--20)\">\n<div class=\"wp-block-column is-vertically-aligned-top is-layout-flow wp-block-column-is-layout-flow\" style=\"padding-top:0px;padding-bottom:0px;flex-basis:450px\">\n<p class=\"has-text-align-center is-service-name has-custom-contrast-1-color has-text-color has-link-color wp-elements-a16c54dbd2fa8043481325af254267f7 wp-block-paragraph\" style=\"font-size:clamp(0.875rem, 0.875rem + ((1vw - 0.2rem) * 0.708), 1.3rem);\"><strong>\ud83d\udca1Profesionnal development<br><\/strong><\/p>\n<\/div>\n\n\n\n<div class=\"wp-block-column is-vertically-aligned-top is-layout-flow wp-block-column-is-layout-flow\">\n<div class=\"wp-block-group alignwide is-layout-flow wp-block-group-is-layout-flow\" style=\"padding-top:0px;padding-bottom:0px\">\n<p class=\"has-text-align-center is-service-description wp-block-paragraph\" style=\"font-size:clamp(0.875rem, 0.875rem + ((1vw - 0.2rem) * 0.208), 1rem);\">I support your <strong>professional development <\/strong>and the <strong>upskilling of your teams<\/strong> through <strong>individualized training programs, ranging from simple awareness-raising about neurodevelopmental disorders to comprehensive theoretical and practical training in applied behavior analysis.<\/strong><\/p>\n\n\n\n<p class=\"has-text-align-center is-service-description wp-block-paragraph\" style=\"font-size:clamp(0.875rem, 0.875rem + ((1vw - 0.2rem) * 0.208), 1rem);\">I can also assist you in implementing a<strong>broader change strategy :<\/strong>co-creating a diagnostic assessment with your teams, defining a strategy for transforming professional practices, managing change and supporting your teams (professional training and individual coaching, tool selection and development), consolidating and embedding the changes with local managers, measuring impact, and more.<\/p>\n\n\n\n<p class=\"has-text-align-center has-custom-white-color has-custom-main-background-color has-text-color has-background has-link-color has-small-font-size wp-elements-bcd1739a2c925580050b63d2029a747d wp-block-paragraph\" style=\"border-radius:200px;padding-top:10px;padding-bottom:10px\">Professional development - Quote on demand<\/p>\n<\/div>\n<\/div>\n<\/div>\n<\/div>\n\n\n\n<div class=\"wp-block-group alignwide is-layout-flow wp-container-core-group-is-layout-c6aab7f7 wp-block-group-is-layout-flow\">\n<div class=\"wp-block-columns alignwide is-layout-flex wp-container-core-columns-is-layout-00dab6cd wp-block-columns-is-layout-flex\" style=\"padding-bottom:var(--wp--preset--spacing--20)\">\n<div class=\"wp-block-column is-vertically-aligned-top is-layout-flow wp-block-column-is-layout-flow\" style=\"padding-top:0px;padding-bottom:0px;flex-basis:450px\">\n<p class=\"has-text-align-center is-service-name has-custom-contrast-1-color has-text-color has-link-color wp-elements-eb446dc1acb08c95c647b155dbcaf2a0 wp-block-paragraph\" style=\"font-size:clamp(0.875rem, 0.875rem + ((1vw - 0.2rem) * 0.708), 1.3rem);\"><strong>\ud83d\udca1Parent workshop<\/strong><br><\/p>\n<\/div>\n\n\n\n<div class=\"wp-block-column is-vertically-aligned-top is-layout-flow wp-block-column-is-layout-flow\">\n<div class=\"wp-block-group alignwide is-layout-flow wp-block-group-is-layout-flow\" style=\"padding-top:0px;padding-bottom:0px\">\n<p class=\"has-text-align-center is-service-description wp-block-paragraph\" style=\"font-size:clamp(0.875rem, 0.875rem + ((1vw - 0.2rem) * 0.208), 1rem);\">Organized in <strong>small groups<\/strong> and <strong>short sessions<\/strong>, parent workshops aim at <strong>facilitating practical discussions around a specific theme<\/strong>. Unlike traditional training, the workshop allows parents to <strong>learn about a particular topic while exchanging ideas with other participants<\/strong>, under the supportive guidance of the facilitator and your team. <\/p>\n\n\n\n<p class=\"has-text-align-center is-service-description wp-block-paragraph\" style=\"font-size:clamp(0.875rem, 0.875rem + ((1vw - 0.2rem) * 0.208), 1rem);\"><strong>The combination of theory and practical application<\/strong> enables parents to acquire<strong> hands-on tools that can be directly used in their daily lives<\/strong>, while benefiting from the dynamics of a small group and <strong>the<\/strong> <strong>enriching exchanges with other participants<\/strong>. I support you in your approach and offer <strong>the<\/strong> <strong>interventions tailored to the needs of your organization and your target audience<\/strong>.<\/p>\n\n\n\n<p class=\"has-text-align-center has-custom-white-color has-custom-main-background-color has-text-color has-background has-link-color has-small-font-size wp-elements-0bb49037a91dab4879ac952cf45cf3d6 wp-block-paragraph\" style=\"border-radius:200px;padding-top:10px;padding-bottom:10px\">Parent workshop - Quote on demand<\/p>\n<\/div>\n<\/div>\n<\/div>\n<\/div>\n<\/div>","protected":false},"excerpt":{"rendered":"<p>Je propose des programmes de sensibilisation et de formation pour les professionnels de sant\u00e9 travaillant avec des patients ayant des troubles de l&rsquo;apprentissage ou du neurod\u00e9veloppement. Les s\u00e9ances d&rsquo;accompagnement, les formations professionnelles et les ateliers pour parents visent \u00e0 enrichir les pratiques et soutenir les familles dans leur quotidien.<\/p>","protected":false},"author":263704216,"featured_media":0,"parent":33,"menu_order":0,"comment_status":"closed","ping_status":"closed","template":"","meta":{"_crdt_document":"","advanced_seo_description":"","jetpack_seo_html_title":"","jetpack_seo_noindex":false,"footnotes":""},"class_list":["post-124","page","type-page","status-publish","hentry"],"jetpack_likes_enabled":true,"jetpack_sharing_enabled":true,"jetpack_shortlink":"https:\/\/wp.me\/PgqXTp-20","jetpack-related-posts":[],"_links":{"self":[{"href":"https:\/\/aba-psy.com\/en\/wp-json\/wp\/v2\/pages\/124","targetHints":{"allow":["GET"]}}],"collection":[{"href":"https:\/\/aba-psy.com\/en\/wp-json\/wp\/v2\/pages"}],"about":[{"href":"https:\/\/aba-psy.com\/en\/wp-json\/wp\/v2\/types\/page"}],"author":[{"embeddable":true,"href":"https:\/\/aba-psy.com\/en\/wp-json\/wp\/v2\/users\/263704216"}],"replies":[{"embeddable":true,"href":"https:\/\/aba-psy.com\/en\/wp-json\/wp\/v2\/comments?post=124"}],"version-history":[{"count":24,"href":"https:\/\/aba-psy.com\/en\/wp-json\/wp\/v2\/pages\/124\/revisions"}],"predecessor-version":[{"id":794,"href":"https:\/\/aba-psy.com\/en\/wp-json\/wp\/v2\/pages\/124\/revisions\/794"}],"up":[{"embeddable":true,"href":"https:\/\/aba-psy.com\/en\/wp-json\/wp\/v2\/pages\/33"}],"wp:attachment":[{"href":"https:\/\/aba-psy.com\/en\/wp-json\/wp\/v2\/media?parent=124"}],"curies":[{"name":"wp","href":"https:\/\/api.w.org\/{rel}","templated":true}]}}