{"id":108,"date":"2025-03-27T21:10:14","date_gmt":"2025-03-27T20:10:14","guid":{"rendered":"https:\/\/aba-psy.com\/?page_id=108"},"modified":"2026-03-18T19:09:12","modified_gmt":"2026-03-18T18:09:12","slug":"passer-a-laction","status":"publish","type":"page","link":"https:\/\/aba-psy.com\/en\/accompagnements\/passer-a-laction\/","title":{"rendered":"Que faire suite \u00e0 un diagnostic de trouble du neurod\u00e9veloppement (autisme, TDAH, troubles dys, etc.) ?"},"content":{"rendered":"<h1 class=\"wp-block-heading has-text-align-center alignfull\"><strong>Take action<\/strong> <strong>following a diagnosis of neurodevelopmental disorder (autism, ADHD, dys- disorders, etc.)<\/strong><\/h1>\n\n\n\n<figure class=\"wp-block-image aligncenter size-large is-resized has-custom-border\"><img data-recalc-dims=\"1\" loading=\"lazy\" decoding=\"async\" width=\"4857\" height=\"2725\" data-attachment-id=\"269\" data-permalink=\"https:\/\/aba-psy.com\/en\/accompagnements\/passer-a-laction\/passer-a-laction-2\/\" data-orig-file=\"https:\/\/i0.wp.com\/aba-psy.com\/wp-content\/uploads\/2025\/04\/passer-a-laction.jpg?fit=4857%2C2725&amp;ssl=1\" data-orig-size=\"4857,2725\" data-comments-opened=\"1\" data-image-meta=\"{&quot;aperture&quot;:&quot;0&quot;,&quot;credit&quot;:&quot;&quot;,&quot;camera&quot;:&quot;&quot;,&quot;caption&quot;:&quot;&quot;,&quot;created_timestamp&quot;:&quot;0&quot;,&quot;copyright&quot;:&quot;&quot;,&quot;focal_length&quot;:&quot;0&quot;,&quot;iso&quot;:&quot;0&quot;,&quot;shutter_speed&quot;:&quot;0&quot;,&quot;title&quot;:&quot;&quot;,&quot;orientation&quot;:&quot;0&quot;}\" data-image-title=\"Passer \u00e0 l&amp;rsquo;action\" data-image-description=\"\" data-image-caption=\"\" data-large-file=\"https:\/\/i0.wp.com\/aba-psy.com\/wp-content\/uploads\/2025\/04\/passer-a-laction.jpg?fit=1024%2C575&amp;ssl=1\" src=\"https:\/\/i0.wp.com\/aba-psy.com\/wp-content\/uploads\/2025\/04\/passer-a-laction.jpg?resize=4857%2C2725&#038;ssl=1\" alt=\"Un crayon avec une gomme efface le mot &quot;impossible&quot; \u00e9crit sur une feuille.\" class=\"wp-image-269\" style=\"border-top-right-radius:100px;border-bottom-left-radius:100px;aspect-ratio:3\/2;object-fit:cover;width:478px\"\/><\/figure>\n\n\n\n<div class=\"wp-block-group alignfull is-style-section-3 has-global-padding is-content-justification-center is-layout-constrained wp-container-core-group-is-layout-7e8236fd wp-block-group-is-layout-constrained\" style=\"margin-top:0;margin-bottom:0;padding-top:var(--wp--preset--spacing--10);padding-bottom:var(--wp--preset--spacing--10)\">\n<h3 class=\"wp-block-heading has-text-align-center alignwide has-base-color has-custom-main-background-color has-text-color has-background has-link-color wp-elements-502bb5a989741aef98dde47c411cffb0\" style=\"padding-top:var(--wp--preset--spacing--10);padding-bottom:var(--wp--preset--spacing--10)\">You have received a diagnosis of a learning and\/or neurodevelopmental disorder for your child and <strong><em>you don't know what to do<\/em><\/strong>? <br><br>Were you advised to follow <strong><em>a parenting skills training program<\/em><\/strong> or to start <strong><em>an ABA intervention<\/em><\/strong>? <br><br>Do you want to <strong><em>understand your child's disorder<\/em><\/strong> in order to better support and guide them on a daily basis?<br><br>Are you facing <strong><em>difficulties in your relationship with your child<\/em><\/strong> that are impacting the daily life of the whole family?<br><br>Are you exhausted and need to <strong><em>take stock in order to find a peaceful family life<\/em><\/strong> that is compatible with everyone's personal fulfillment?<br><br>\ud83d\udc49 Let's build together <strong><em>a 10-12 week action plan<\/em><\/strong> to help you and your child achieve concrete improvements in the short term<\/h3>\n\n\n\n<div class=\"wp-block-group alignwide is-layout-flow wp-container-core-group-is-layout-c6aab7f7 wp-block-group-is-layout-flow\">\n<div class=\"wp-block-columns alignwide is-layout-flex wp-container-core-columns-is-layout-00dab6cd wp-block-columns-is-layout-flex\" style=\"padding-bottom:var(--wp--preset--spacing--20)\">\n<div class=\"wp-block-column is-vertically-aligned-top is-layout-flow wp-block-column-is-layout-flow\" style=\"padding-top:0px;padding-bottom:0px;flex-basis:450px\">\n<p class=\"has-text-align-center is-service-name has-custom-contrast-1-color has-text-color has-link-color wp-elements-e42dc449044cb87f9726cf2cac430083 wp-block-paragraph\" style=\"font-size:clamp(0.875rem, 0.875rem + ((1vw - 0.2rem) * 0.708), 1.3rem);\"><strong>\ud83d\udca1Discovery session<\/strong><\/p>\n\n\n\n<p class=\"has-text-align-center wp-block-paragraph\">In-depth interview<br>- 1 hour<\/p>\n\n\n\n<p class=\"has-text-align-center wp-block-paragraph\">Oral presentation and proposed support<br>- 30 minutes<br><br><\/p>\n<\/div>\n\n\n\n<div class=\"wp-block-column is-vertically-aligned-top is-layout-flow wp-block-column-is-layout-flow\">\n<div class=\"wp-block-group alignwide is-layout-flow wp-block-group-is-layout-flow\" style=\"padding-top:0px;padding-bottom:0px\">\n<p class=\"has-text-align-center is-service-description wp-block-paragraph\" style=\"font-size:clamp(0.875rem, 0.875rem + ((1vw - 0.2rem) * 0.208), 1rem);\">Whatever the reason for our meeting, we will begin with getting to know each other during <strong>a discovery session in a supportive environment<\/strong>. During this session, we will discuss your challenges together to gain a comprehensive understanding of them. We will identify their impact on your daily life. <\/p>\n\n\n\n<p class=\"has-text-align-center is-service-description wp-block-paragraph\" style=\"font-size:clamp(0.875rem, 0.875rem + ((1vw - 0.2rem) * 0.208), 1rem);\">This initial consultation will also allow us to e<strong>stablish a trusting relationship where you can freely express your feelings, both positive and negative<\/strong>. <\/p>\n\n\n\n<p class=\"has-text-align-center is-service-description wp-block-paragraph\" style=\"font-size:clamp(0.875rem, 0.875rem + ((1vw - 0.2rem) * 0.208), 1rem);\">Following this in-depth discussion, we will establish <strong>your short-term priorities<\/strong> and I will propose <strong>a personalized support plan.<\/strong><\/p>\n\n\n\n<div class=\"wp-block-columns is-layout-flex wp-container-core-columns-is-layout-3a88641f wp-block-columns-is-layout-flex\">\n<div class=\"wp-block-column is-layout-flow wp-block-column-is-layout-flow\">\n<p class=\"has-text-align-center has-custom-white-color has-custom-main-background-color has-text-color has-background has-link-color has-small-font-size wp-elements-bde788a7fd14d512f551928d847b76c1 wp-block-paragraph\" style=\"border-radius:200px;padding-top:10px;padding-bottom:10px\">First contact - 30 min - Free<\/p>\n<\/div>\n\n\n\n<div class=\"wp-block-column is-layout-flow wp-block-column-is-layout-flow\">\n<p class=\"has-text-align-center has-custom-white-color has-custom-main-background-color has-text-color has-background has-link-color has-small-font-size wp-elements-1cbff5cddcaa09cb9817f91dff257745 wp-block-paragraph\" style=\"border-radius:200px;padding-top:10px;padding-bottom:10px\">Discovery session - 1h30 - 90\u20ac<\/p>\n<\/div>\n<\/div>\n<\/div>\n<\/div>\n<\/div>\n<\/div>\n\n\n\n<div class=\"wp-block-group alignwide is-layout-flow wp-container-core-group-is-layout-c6aab7f7 wp-block-group-is-layout-flow\">\n<div class=\"wp-block-columns alignwide is-layout-flex wp-container-core-columns-is-layout-6f971fe3 wp-block-columns-is-layout-flex\" style=\"padding-right:0;padding-bottom:var(--wp--preset--spacing--20)\">\n<div class=\"wp-block-column is-vertically-aligned-top is-layout-flow wp-block-column-is-layout-flow\" style=\"padding-top:0px;padding-bottom:0px;flex-basis:450px\">\n<p class=\"has-text-align-center is-service-name has-custom-contrast-1-color has-text-color has-link-color wp-elements-6753d504e9d11c9e1496dcb5a514b801 wp-block-paragraph\" style=\"font-size:clamp(0.875rem, 0.875rem + ((1vw - 0.2rem) * 0.708), 1.3rem);\"><strong>\ud83d\udca1Parental guidance program<br><em>CAP - Comprehend Adapt Progress<\/em><\/strong><\/p>\n\n\n\n<p class=\"has-text-align-center wp-block-paragraph\">10 to 12 sessions - 1h15 per session<br><\/p>\n<\/div>\n\n\n\n<div class=\"wp-block-column is-vertically-aligned-top is-layout-flow wp-block-column-is-layout-flow\">\n<div class=\"wp-block-group alignwide is-layout-flow wp-block-group-is-layout-flow\" style=\"padding-top:0px;padding-bottom:0px\">\n<p class=\"has-text-align-center is-service-description wp-block-paragraph\" style=\"font-size:clamp(0.875rem, 0.875rem + ((1vw - 0.2rem) * 0.208), 1rem);\">The <strong>parental guidance program <em>CAP<\/em> <em>- Comprehend Adapt Progress<\/em><\/strong>, inspired by the <strong>Barkley method <\/strong>and <strong>personalized <\/strong>based on identified priorities<strong> <\/strong>during the discovery session, will allow you <strong>in a dozen of sessions<\/strong> to become <strong>real catalysts of your child's development<\/strong>. <\/p>\n\n\n\n<p class=\"has-text-align-center is-service-description wp-block-paragraph\" style=\"font-size:clamp(0.875rem, 0.875rem + ((1vw - 0.2rem) * 0.208), 1rem);\"><strong><em>Comprehend<\/em> the specifics<\/strong> of the disorder or difficulty to better grasp your child's experience. <br><strong><em>Adapt<\/em> your parenting style<\/strong> to take into account your child's unique way of functioning and their needs. <br><strong><em>Progress <\/em>together<\/strong> to improve the quality of life at home and at school, and allow everyone\u2014child and parents\u2014to reach their full potential. <\/p>\n\n\n\n<p class=\"has-text-align-center is-service-description wp-block-paragraph\" style=\"font-size:clamp(0.875rem, 0.875rem + ((1vw - 0.2rem) * 0.208), 1rem);\">The <em>CAP<\/em> is <strong>tailored for each neurodevelopmental disorder<\/strong>, thus allowing the specificities of each child to be taken into account.&nbsp;<\/p>\n\n\n\n<div class=\"wp-block-columns is-layout-flex wp-container-core-columns-is-layout-3a88641f wp-block-columns-is-layout-flex\">\n<div class=\"wp-block-column is-layout-flow wp-block-column-is-layout-flow\">\n<p class=\"has-text-align-center has-custom-white-color has-custom-main-background-color has-text-color has-background has-link-color has-small-font-size wp-elements-3a8b45a703ad20042fcc675271aeb14f wp-block-paragraph\" style=\"border-radius:200px;padding-top:10px;padding-bottom:10px\">Individual CAP program - 60\u20ac per session<\/p>\n\n\n\n<p class=\"has-text-align-center has-custom-white-color has-custom-main-background-color has-text-color has-background has-link-color has-small-font-size wp-elements-2aab67112e8dec21a804badf8bc805b9 wp-block-paragraph\" style=\"border-radius:200px;padding-top:10px;padding-bottom:10px\">Group CAP program (from 3+ families) - 40\u20ac per session<\/p>\n<\/div>\n<\/div>\n<\/div>\n<\/div>\n<\/div>\n<\/div>\n\n\n\n<div class=\"wp-block-group alignwide is-layout-flow wp-container-core-group-is-layout-c6aab7f7 wp-block-group-is-layout-flow\">\n<div class=\"wp-block-columns alignwide is-layout-flex wp-container-core-columns-is-layout-00dab6cd wp-block-columns-is-layout-flex\" style=\"padding-bottom:var(--wp--preset--spacing--20)\">\n<div class=\"wp-block-column is-vertically-aligned-top is-layout-flow wp-block-column-is-layout-flow\" style=\"padding-top:0px;padding-bottom:0px;flex-basis:450px\">\n<p class=\"has-text-align-center is-service-name has-custom-contrast-1-color has-text-color has-link-color wp-elements-ed327332ac41d47ccf1882bc30844c84 wp-block-paragraph\" style=\"font-size:clamp(0.875rem, 0.875rem + ((1vw - 0.2rem) * 0.708), 1.3rem);\"><strong>\ud83d\udca1Child intervention program<br><em>ACT<\/em> - <em>Acknowledge Channel Transcend<\/em><\/strong><\/p>\n\n\n\n<p class=\"has-text-align-center wp-block-paragraph\">10 to 12 sessions - 45 minutes per session<br><\/p>\n<\/div>\n\n\n\n<div class=\"wp-block-column is-vertically-aligned-top is-layout-flow wp-block-column-is-layout-flow\">\n<div class=\"wp-block-group alignwide is-layout-flow wp-block-group-is-layout-flow\" style=\"padding-top:0px;padding-bottom:0px\">\n<p class=\"has-text-align-center is-service-description wp-block-paragraph\">Alongside the CAP parental guidance program <em>CAP<\/em>, the support program <em><strong>ACT - Acknowledge Channel Transcend<\/strong><\/em> helps your child on their own <strong>journey of understanding, accepting, and adapting to their disorder<\/strong>.<\/p>\n\n\n\n<p class=\"has-text-align-center is-service-description wp-block-paragraph\"><strong><em>Acknowledge<\/em> their disorder<\/strong> to better understand themselves and anticipate difficulties. <br><strong><em>Channel<\/em> symptoms<\/strong> to regain control over their emotions and interactions. <br><strong><em>Transcend<\/em> the diagnosis<\/strong> to fully develop their talents and skills.<\/p>\n\n\n\n<p class=\"has-text-align-center is-service-description wp-block-paragraph\">The <em>ACT <\/em>is <strong>tailored for each neurodevelopmental disorder<\/strong>, thus allowing the specificities of each child to be taken into account.&nbsp;<\/p>\n\n\n\n<p class=\"has-text-align-center has-custom-white-color has-custom-main-background-color has-text-color has-background has-link-color has-small-font-size wp-elements-dc86572cf9c80a30cb84e95f49e88e2e wp-block-paragraph\" style=\"border-radius:200px;padding-top:10px;padding-bottom:10px\">Individual ACT program - 60\u20ac per session<\/p>\n<\/div>\n<\/div>\n<\/div>\n<\/div>\n\n\n\n<div class=\"wp-block-group alignwide is-layout-flow wp-container-core-group-is-layout-c6aab7f7 wp-block-group-is-layout-flow\">\n<div class=\"wp-block-columns alignwide is-layout-flex wp-container-core-columns-is-layout-00dab6cd wp-block-columns-is-layout-flex\" style=\"padding-bottom:var(--wp--preset--spacing--20)\">\n<div class=\"wp-block-column is-vertically-aligned-top is-layout-flow wp-block-column-is-layout-flow\" style=\"padding-top:0px;padding-bottom:0px;flex-basis:450px\">\n<p class=\"has-text-align-center is-service-name has-custom-contrast-1-color has-text-color has-link-color wp-elements-e4a897150098efa0108af56dcf36045b wp-block-paragraph\" style=\"font-size:clamp(0.875rem, 0.875rem + ((1vw - 0.2rem) * 0.708), 1.3rem);\"><strong>\ud83d\udca1One-off sessions<\/strong><\/p>\n\n\n\n<p class=\"has-text-align-center wp-block-paragraph\">1 hour per session<br><\/p>\n<\/div>\n\n\n\n<div class=\"wp-block-column is-vertically-aligned-top is-layout-flow wp-block-column-is-layout-flow\">\n<div class=\"wp-block-group alignwide is-layout-flow wp-block-group-is-layout-flow\" style=\"padding-top:0px;padding-bottom:0px\">\n<p class=\"has-text-align-center is-service-description wp-block-paragraph\" style=\"font-size:clamp(0.875rem, 0.875rem + ((1vw - 0.2rem) * 0.208), 1rem);\"><strong>Occasional coaching sessions<\/strong> spread over a few weeks can sometimes be enough to help you resolve a specific difficulty and collaboratively develop a suitable solution at your own pace.\u00a0<\/p>\n\n\n\n<p class=\"has-text-align-center is-service-description wp-block-paragraph\" style=\"font-size:clamp(0.875rem, 0.875rem + ((1vw - 0.2rem) * 0.208), 1rem);\">These sessions can also be offered to your child to help them adopt new strategies for dealing with a specific challenge (academic difficulties, social barriers, emotional regulation, etc.).<\/p>\n\n\n\n<p class=\"has-text-align-center has-custom-white-color has-custom-main-background-color has-text-color has-background has-link-color has-small-font-size wp-elements-bf3e66070c41fdc403d08a795f828523 wp-block-paragraph\" style=\"border-radius:200px;padding-top:10px;padding-bottom:10px\">One-off session - 75\u20ac per session<\/p>\n<\/div>\n<\/div>\n<\/div>\n<\/div>\n<\/div>","protected":false},"excerpt":{"rendered":"<p>Suite \u00e0 un diagnostic de trouble du neurod\u00e9veloppement chez un enfant, des interventions personnalis\u00e9es sont propos\u00e9es aux parents et aux enfants. Un programme de guidance parentale et un parcours de soutien \u00e0 l&rsquo;enfant visent \u00e0 am\u00e9liorer la qualit\u00e9 de vie familiale et scolaire en s&rsquo;adaptant aux sp\u00e9cificit\u00e9s de chaque trouble.<\/p>","protected":false},"author":263704216,"featured_media":0,"parent":33,"menu_order":0,"comment_status":"closed","ping_status":"closed","template":"","meta":{"_crdt_document":"","advanced_seo_description":"","jetpack_seo_html_title":"","jetpack_seo_noindex":false,"footnotes":""},"class_list":["post-108","page","type-page","status-publish","hentry"],"jetpack_likes_enabled":true,"jetpack_sharing_enabled":true,"jetpack_shortlink":"https:\/\/wp.me\/PgqXTp-1K","jetpack-related-posts":[],"_links":{"self":[{"href":"https:\/\/aba-psy.com\/en\/wp-json\/wp\/v2\/pages\/108","targetHints":{"allow":["GET"]}}],"collection":[{"href":"https:\/\/aba-psy.com\/en\/wp-json\/wp\/v2\/pages"}],"about":[{"href":"https:\/\/aba-psy.com\/en\/wp-json\/wp\/v2\/types\/page"}],"author":[{"embeddable":true,"href":"https:\/\/aba-psy.com\/en\/wp-json\/wp\/v2\/users\/263704216"}],"replies":[{"embeddable":true,"href":"https:\/\/aba-psy.com\/en\/wp-json\/wp\/v2\/comments?post=108"}],"version-history":[{"count":24,"href":"https:\/\/aba-psy.com\/en\/wp-json\/wp\/v2\/pages\/108\/revisions"}],"predecessor-version":[{"id":792,"href":"https:\/\/aba-psy.com\/en\/wp-json\/wp\/v2\/pages\/108\/revisions\/792"}],"up":[{"embeddable":true,"href":"https:\/\/aba-psy.com\/en\/wp-json\/wp\/v2\/pages\/33"}],"wp:attachment":[{"href":"https:\/\/aba-psy.com\/en\/wp-json\/wp\/v2\/media?parent=108"}],"curies":[{"name":"wp","href":"https:\/\/api.w.org\/{rel}","templated":true}]}}